{"id":3419,"date":"2021-02-08T19:18:47","date_gmt":"2021-02-08T18:18:47","guid":{"rendered":"https:\/\/www.luzplastica.com\/?post_type=product&#038;p=3419"},"modified":"2025-06-05T15:47:55","modified_gmt":"2025-06-05T13:47:55","slug":"__trashed-2","status":"publish","type":"product","link":"https:\/\/www.luzplastica.com\/?product=__trashed-2","title":{"rendered":"ADRIAN ROTULO NE\u00d3N ref 2152-5 SOPORTE ACR\u00cdLICO RECORTADO"},"content":{"rendered":"<h4><span style=\"color: #0000ff;\"><strong>Nueva generaci\u00f3n\u00a0 <\/strong>\u00a0<\/span>ya disponible : Rotulo con ne\u00f3n flex dise\u00f1o\u00a0 <span style=\"color: #0000ff;\"><strong>ADRIAN <\/strong><\/span>\u00a0sobre un SOPORTE RECORTADO CON EL DISE\u00d1O, ensambla ne\u00f3n flex en color\u00a0 AZUL o ( A ELEGIR), con unas medidas de 35 cm x 13 cm, funciona des de 110 V hasta 230 V y tambi\u00e9n a 12 V, seg\u00fan versi\u00f3n con selector para elegir las tres posibles combinaciones de luz, 1\u00ba constante 2\u00ba intermitente 3\u00ba intermitente y combinado, con mando para regulaci\u00f3n intensidad de luz de 0 a 100 %. <span style=\"color: #0000ff;\"><strong>Fabricado en Espa\u00f1a.<\/strong><\/span><\/h4>\n","protected":false},"excerpt":{"rendered":"<h5><strong>PORTES INCLUIDOS A ESPA\u00d1A PENINSULAR<\/strong><\/h5>\n<p>FABRICACION PERSONALIZADA , PLAZO ENTREGA 10 DIAS<\/p>\n<p>https:\/\/youtu.be\/1_ujO6a_B9Y<\/p>\n<p>&nbsp;<\/p>\n","protected":false},"featured_media":3593,"comment_status":"open","ping_status":"closed","template":"","meta":{"_et_pb_use_builder":"","_et_pb_old_content":"","_et_gb_content_width":"","_joinchat":[]},"product_brand":[872],"product_cat":[8,52,858,124,698],"product_tag":[229,228,130,227],"class_list":{"0":"post-3419","1":"product","2":"type-product","3":"status-publish","4":"has-post-thumbnail","6":"product_brand-www-luzplastica-com","7":"product_cat-1o-rotulos-hilo-neon-fabricacion-rotulos-de-neon-colores-luz","8":"product_cat-signs-decoration-room-children-mini-rotulos-decorativos-para-interior","9":"product_cat-carteles-rotulos-neon-flexible-fabricados-especialmente-para-exterior-inetrior-signs-decoration-room-children-luces-de-neon-flexibles-strip-light-led-flexible-strip-1o-rotulos-hilo-neon","10":"product_cat-signs-decoration-room-children-luces-de-neon-flexibles-strip-light-led-flexible-strip-1o-rotulos-hilo-neon","11":"product_cat-rotulos-baratos-low-cost-alta-calidad","12":"product_tag-escribe-tu-texto-con-neon-flex-nombres-ninos-ninas","13":"product_tag-fabricacion-de-rotulos-led-neon-flex-vintage-nombres-de-ninos-ninas","14":"product_tag-neon","15":"product_tag-nombres-ninos-ninas-adrian-con-neon-flexible-led","16":"product_shipping_class-paquete-pequeno","18":"first","19":"instock","20":"sale","21":"taxable","22":"shipping-taxable","23":"purchasable","24":"product-type-variable","25":"has-default-attributes"},"yoast_head":"<!-- This site is optimized with the Yoast SEO plugin v27.4 - https:\/\/yoast.com\/product\/yoast-seo-wordpress\/ -->\n<title>ADRIAN ROTULO NE\u00d3N ref 2152-5 SOPORTE ACR\u00cdLICO RECORTADO - Luz plastica<\/title>\n<meta name=\"robots\" content=\"index, follow, max-snippet:-1, max-image-preview:large, max-video-preview:-1\" \/>\n<link rel=\"canonical\" href=\"https:\/\/www.luzplastica.com\/?product=__trashed-2\" \/>\n<meta property=\"og:locale\" content=\"es_ES\" \/>\n<meta property=\"og:type\" content=\"article\" \/>\n<meta property=\"og:title\" content=\"ADRIAN ROTULO NE\u00d3N ref 2152-5 SOPORTE ACR\u00cdLICO RECORTADO - Luz plastica\" \/>\n<meta property=\"og:description\" content=\"PORTES INCLUIDOS A ESPA\u00d1A PENINSULAR FABRICACION PERSONALIZADA , PLAZO ENTREGA 10 DIAS  https:\/\/youtu.be\/1_ujO6a_B9Y  &nbsp;\" \/>\n<meta property=\"og:url\" content=\"https:\/\/www.luzplastica.com\/?product=__trashed-2\" \/>\n<meta property=\"og:site_name\" content=\"Luz plastica\" \/>\n<meta property=\"article:publisher\" content=\"https:\/\/www.facebook.com\/settings?ref=mb&amp;amp%3bamp%3bamp%3bamp%3bamp%3bamp%3bamp%3bamp%3bamp%3bamp%3bamp%3bamp%3bamp%3bamp%3bamp%3bamp%3bamp%3bamp%3bamp%3bdrop\" \/>\n<meta property=\"article:modified_time\" content=\"2025-06-05T13:47:55+00:00\" \/>\n<meta property=\"og:image\" content=\"https:\/\/www.luzplastica.com\/wp-content\/uploads\/2020\/11\/ADRIAN-ENCENDIDO-scaled.jpg\" \/>\n\t<meta property=\"og:image:width\" content=\"2560\" \/>\n\t<meta property=\"og:image:height\" content=\"1266\" \/>\n\t<meta property=\"og:image:type\" content=\"image\/jpeg\" \/>\n<meta name=\"twitter:card\" content=\"summary_large_image\" \/>\n<meta name=\"twitter:label1\" content=\"Tiempo de lectura\" \/>\n\t<meta name=\"twitter:data1\" content=\"1 minuto\" \/>\n<script type=\"application\/ld+json\" class=\"yoast-schema-graph\">{\"@context\":\"https:\\\/\\\/schema.org\",\"@graph\":[{\"@type\":\"WebPage\",\"@id\":\"https:\\\/\\\/www.luzplastica.com\\\/?product=__trashed-2\",\"url\":\"https:\\\/\\\/www.luzplastica.com\\\/?product=__trashed-2\",\"name\":\"ADRIAN ROTULO NE\u00d3N ref 2152-5 SOPORTE ACR\u00cdLICO RECORTADO - Luz plastica\",\"isPartOf\":{\"@id\":\"https:\\\/\\\/www.luzplastica.com\\\/#website\"},\"primaryImageOfPage\":{\"@id\":\"https:\\\/\\\/www.luzplastica.com\\\/?product=__trashed-2#primaryimage\"},\"image\":{\"@id\":\"https:\\\/\\\/www.luzplastica.com\\\/?product=__trashed-2#primaryimage\"},\"thumbnailUrl\":\"https:\\\/\\\/www.luzplastica.com\\\/wp-content\\\/uploads\\\/2020\\\/11\\\/ADRIAN-ENCENDIDO-scaled.jpg\",\"datePublished\":\"2021-02-08T18:18:47+00:00\",\"dateModified\":\"2025-06-05T13:47:55+00:00\",\"breadcrumb\":{\"@id\":\"https:\\\/\\\/www.luzplastica.com\\\/?product=__trashed-2#breadcrumb\"},\"inLanguage\":\"es\",\"potentialAction\":[{\"@type\":\"ReadAction\",\"target\":[\"https:\\\/\\\/www.luzplastica.com\\\/?product=__trashed-2\"]}]},{\"@type\":\"ImageObject\",\"inLanguage\":\"es\",\"@id\":\"https:\\\/\\\/www.luzplastica.com\\\/?product=__trashed-2#primaryimage\",\"url\":\"https:\\\/\\\/www.luzplastica.com\\\/wp-content\\\/uploads\\\/2020\\\/11\\\/ADRIAN-ENCENDIDO-scaled.jpg\",\"contentUrl\":\"https:\\\/\\\/www.luzplastica.com\\\/wp-content\\\/uploads\\\/2020\\\/11\\\/ADRIAN-ENCENDIDO-scaled.jpg\",\"width\":2560,\"height\":1266},{\"@type\":\"BreadcrumbList\",\"@id\":\"https:\\\/\\\/www.luzplastica.com\\\/?product=__trashed-2#breadcrumb\",\"itemListElement\":[{\"@type\":\"ListItem\",\"position\":1,\"name\":\"Portada\",\"item\":\"https:\\\/\\\/www.luzplastica.com\\\/\"},{\"@type\":\"ListItem\",\"position\":2,\"name\":\"Productos\",\"item\":\"https:\\\/\\\/www.luzplastica.com\\\/?post_type=product\"},{\"@type\":\"ListItem\",\"position\":3,\"name\":\"ADRIAN ROTULO NE\u00d3N ref 2152-5 SOPORTE ACR\u00cdLICO RECORTADO\"}]},{\"@type\":\"WebSite\",\"@id\":\"https:\\\/\\\/www.luzplastica.com\\\/#website\",\"url\":\"https:\\\/\\\/www.luzplastica.com\\\/\",\"name\":\"Luz plastica\",\"description\":\"ROTULOS LED NEON FLEX Y LED CRISTAL\",\"publisher\":{\"@id\":\"https:\\\/\\\/www.luzplastica.com\\\/#organization\"},\"potentialAction\":[{\"@type\":\"SearchAction\",\"target\":{\"@type\":\"EntryPoint\",\"urlTemplate\":\"https:\\\/\\\/www.luzplastica.com\\\/?s={search_term_string}\"},\"query-input\":{\"@type\":\"PropertyValueSpecification\",\"valueRequired\":true,\"valueName\":\"search_term_string\"}}],\"inLanguage\":\"es\"},{\"@type\":\"Organization\",\"@id\":\"https:\\\/\\\/www.luzplastica.com\\\/#organization\",\"name\":\"luzplastica\",\"url\":\"https:\\\/\\\/www.luzplastica.com\\\/\",\"logo\":{\"@type\":\"ImageObject\",\"inLanguage\":\"es\",\"@id\":\"https:\\\/\\\/www.luzplastica.com\\\/#\\\/schema\\\/logo\\\/image\\\/\",\"url\":\"https:\\\/\\\/www.luzplastica.com\\\/wp-content\\\/uploads\\\/2019\\\/05\\\/PORTADA-4.jpg\",\"contentUrl\":\"https:\\\/\\\/www.luzplastica.com\\\/wp-content\\\/uploads\\\/2019\\\/05\\\/PORTADA-4.jpg\",\"width\":1024,\"height\":623,\"caption\":\"luzplastica\"},\"image\":{\"@id\":\"https:\\\/\\\/www.luzplastica.com\\\/#\\\/schema\\\/logo\\\/image\\\/\"},\"sameAs\":[\"https:\\\/\\\/www.facebook.com\\\/settings?ref=mb&amp;amp;amp;amp;amp;amp;amp;amp;amp;amp;amp;amp;amp;amp;amp;amp;amp;amp;amp;drop\",\"https:\\\/\\\/www.pinterest.es\\\/luzplastica\\\/\",\"https:\\\/\\\/www.youtube.com\\\/user\\\/luzplastica\"]}]}<\/script>\n<!-- \/ Yoast SEO plugin. -->","yoast_head_json":{"title":"ADRIAN ROTULO NE\u00d3N ref 2152-5 SOPORTE ACR\u00cdLICO RECORTADO - Luz plastica","robots":{"index":"index","follow":"follow","max-snippet":"max-snippet:-1","max-image-preview":"max-image-preview:large","max-video-preview":"max-video-preview:-1"},"canonical":"https:\/\/www.luzplastica.com\/?product=__trashed-2","og_locale":"es_ES","og_type":"article","og_title":"ADRIAN ROTULO NE\u00d3N ref 2152-5 SOPORTE ACR\u00cdLICO RECORTADO - Luz plastica","og_description":"PORTES INCLUIDOS A ESPA\u00d1A PENINSULAR FABRICACION PERSONALIZADA , PLAZO ENTREGA 10 DIAS  https:\/\/youtu.be\/1_ujO6a_B9Y  &nbsp;","og_url":"https:\/\/www.luzplastica.com\/?product=__trashed-2","og_site_name":"Luz plastica","article_publisher":"https:\/\/www.facebook.com\/settings?ref=mb&amp%3bamp%3bamp%3bamp%3bamp%3bamp%3bamp%3bamp%3bamp%3bamp%3bamp%3bamp%3bamp%3bamp%3bamp%3bamp%3bamp%3bamp%3bamp%3bdrop","article_modified_time":"2025-06-05T13:47:55+00:00","og_image":[{"width":2560,"height":1266,"url":"https:\/\/www.luzplastica.com\/wp-content\/uploads\/2020\/11\/ADRIAN-ENCENDIDO-scaled.jpg","type":"image\/jpeg"}],"twitter_card":"summary_large_image","twitter_misc":{"Tiempo de lectura":"1 minuto"},"schema":{"@context":"https:\/\/schema.org","@graph":[{"@type":"WebPage","@id":"https:\/\/www.luzplastica.com\/?product=__trashed-2","url":"https:\/\/www.luzplastica.com\/?product=__trashed-2","name":"ADRIAN ROTULO NE\u00d3N ref 2152-5 SOPORTE ACR\u00cdLICO RECORTADO - Luz plastica","isPartOf":{"@id":"https:\/\/www.luzplastica.com\/#website"},"primaryImageOfPage":{"@id":"https:\/\/www.luzplastica.com\/?product=__trashed-2#primaryimage"},"image":{"@id":"https:\/\/www.luzplastica.com\/?product=__trashed-2#primaryimage"},"thumbnailUrl":"https:\/\/www.luzplastica.com\/wp-content\/uploads\/2020\/11\/ADRIAN-ENCENDIDO-scaled.jpg","datePublished":"2021-02-08T18:18:47+00:00","dateModified":"2025-06-05T13:47:55+00:00","breadcrumb":{"@id":"https:\/\/www.luzplastica.com\/?product=__trashed-2#breadcrumb"},"inLanguage":"es","potentialAction":[{"@type":"ReadAction","target":["https:\/\/www.luzplastica.com\/?product=__trashed-2"]}]},{"@type":"ImageObject","inLanguage":"es","@id":"https:\/\/www.luzplastica.com\/?product=__trashed-2#primaryimage","url":"https:\/\/www.luzplastica.com\/wp-content\/uploads\/2020\/11\/ADRIAN-ENCENDIDO-scaled.jpg","contentUrl":"https:\/\/www.luzplastica.com\/wp-content\/uploads\/2020\/11\/ADRIAN-ENCENDIDO-scaled.jpg","width":2560,"height":1266},{"@type":"BreadcrumbList","@id":"https:\/\/www.luzplastica.com\/?product=__trashed-2#breadcrumb","itemListElement":[{"@type":"ListItem","position":1,"name":"Portada","item":"https:\/\/www.luzplastica.com\/"},{"@type":"ListItem","position":2,"name":"Productos","item":"https:\/\/www.luzplastica.com\/?post_type=product"},{"@type":"ListItem","position":3,"name":"ADRIAN ROTULO NE\u00d3N ref 2152-5 SOPORTE ACR\u00cdLICO RECORTADO"}]},{"@type":"WebSite","@id":"https:\/\/www.luzplastica.com\/#website","url":"https:\/\/www.luzplastica.com\/","name":"Luz plastica","description":"ROTULOS LED NEON FLEX Y LED CRISTAL","publisher":{"@id":"https:\/\/www.luzplastica.com\/#organization"},"potentialAction":[{"@type":"SearchAction","target":{"@type":"EntryPoint","urlTemplate":"https:\/\/www.luzplastica.com\/?s={search_term_string}"},"query-input":{"@type":"PropertyValueSpecification","valueRequired":true,"valueName":"search_term_string"}}],"inLanguage":"es"},{"@type":"Organization","@id":"https:\/\/www.luzplastica.com\/#organization","name":"luzplastica","url":"https:\/\/www.luzplastica.com\/","logo":{"@type":"ImageObject","inLanguage":"es","@id":"https:\/\/www.luzplastica.com\/#\/schema\/logo\/image\/","url":"https:\/\/www.luzplastica.com\/wp-content\/uploads\/2019\/05\/PORTADA-4.jpg","contentUrl":"https:\/\/www.luzplastica.com\/wp-content\/uploads\/2019\/05\/PORTADA-4.jpg","width":1024,"height":623,"caption":"luzplastica"},"image":{"@id":"https:\/\/www.luzplastica.com\/#\/schema\/logo\/image\/"},"sameAs":["https:\/\/www.facebook.com\/settings?ref=mb&amp;amp;amp;amp;amp;amp;amp;amp;amp;amp;amp;amp;amp;amp;amp;amp;amp;amp;amp;drop","https:\/\/www.pinterest.es\/luzplastica\/","https:\/\/www.youtube.com\/user\/luzplastica"]}]}},"_links":{"self":[{"href":"https:\/\/www.luzplastica.com\/index.php?rest_route=\/wp\/v2\/product\/3419","targetHints":{"allow":["GET"]}}],"collection":[{"href":"https:\/\/www.luzplastica.com\/index.php?rest_route=\/wp\/v2\/product"}],"about":[{"href":"https:\/\/www.luzplastica.com\/index.php?rest_route=\/wp\/v2\/types\/product"}],"replies":[{"embeddable":true,"href":"https:\/\/www.luzplastica.com\/index.php?rest_route=%2Fwp%2Fv2%2Fcomments&post=3419"}],"wp:featuredmedia":[{"embeddable":true,"href":"https:\/\/www.luzplastica.com\/index.php?rest_route=\/wp\/v2\/media\/3593"}],"wp:attachment":[{"href":"https:\/\/www.luzplastica.com\/index.php?rest_route=%2Fwp%2Fv2%2Fmedia&parent=3419"}],"wp:term":[{"taxonomy":"product_brand","embeddable":true,"href":"https:\/\/www.luzplastica.com\/index.php?rest_route=%2Fwp%2Fv2%2Fproduct_brand&post=3419"},{"taxonomy":"product_cat","embeddable":true,"href":"https:\/\/www.luzplastica.com\/index.php?rest_route=%2Fwp%2Fv2%2Fproduct_cat&post=3419"},{"taxonomy":"product_tag","embeddable":true,"href":"https:\/\/www.luzplastica.com\/index.php?rest_route=%2Fwp%2Fv2%2Fproduct_tag&post=3419"}],"curies":[{"name":"wp","href":"https:\/\/api.w.org\/{rel}","templated":true}]}}